{"id":9,"date":"2020-09-07T20:54:04","date_gmt":"2020-09-07T20:54:04","guid":{"rendered":"http:\/\/educocktail.at\/?page_id=9"},"modified":"2022-01-31T18:50:36","modified_gmt":"2022-01-31T18:50:36","slug":"ueber-uns","status":"publish","type":"page","link":"https:\/\/educocktail.at\/","title":{"rendered":"Herzlich Willkommen"},"content":{"rendered":"\n<p>Genussvolles Lernen ist angesagt, denn lebenslanges Lernen ist kein Schlagwort sondern ein gelebte Realit\u00e4t, um sich die Arbeitsmarktbef\u00e4higung zu erhalten. Eigenes Engagement und Selbstverantwortung sind auch gefragt. <\/p>\n\n\n\n<figure class=\"wp-block-image size-large is-resized\"><img loading=\"lazy\" src=\"https:\/\/educocktail.at\/wp-content\/uploads\/2022\/01\/TEIL-Love-to-Learn-tim-mossholder-WE_Kv_ZB1l0-unsplash-1024x435.jpg\" alt=\"\" class=\"wp-image-111\" width=\"759\" height=\"322\" srcset=\"https:\/\/educocktail.at\/wp-content\/uploads\/2022\/01\/TEIL-Love-to-Learn-tim-mossholder-WE_Kv_ZB1l0-unsplash-1024x435.jpg 1024w, https:\/\/educocktail.at\/wp-content\/uploads\/2022\/01\/TEIL-Love-to-Learn-tim-mossholder-WE_Kv_ZB1l0-unsplash-300x127.jpg 300w, https:\/\/educocktail.at\/wp-content\/uploads\/2022\/01\/TEIL-Love-to-Learn-tim-mossholder-WE_Kv_ZB1l0-unsplash-768x326.jpg 768w, https:\/\/educocktail.at\/wp-content\/uploads\/2022\/01\/TEIL-Love-to-Learn-tim-mossholder-WE_Kv_ZB1l0-unsplash-1536x653.jpg 1536w, https:\/\/educocktail.at\/wp-content\/uploads\/2022\/01\/TEIL-Love-to-Learn-tim-mossholder-WE_Kv_ZB1l0-unsplash-2048x870.jpg 2048w\" sizes=\"(max-width: 759px) 100vw, 759px\" \/><\/figure>\n\n\n\n<h2 id=\"arbeitsplatzsicherung-durch-empowerment\">Arbeitsplatzsicherung durch Empowerment<\/h2>\n\n\n\n<div class=\"wp-block-columns\">\n<div class=\"wp-block-column\" style=\"flex-basis:33.33%\">\n<figure class=\"wp-block-image size-full is-resized\"><a href=\"https:\/\/educocktail.at\"><img loading=\"lazy\" src=\"http:\/\/educocktail.at\/wp-content\/uploads\/2022\/01\/cropped-Logo.jpg\" alt=\"\" class=\"wp-image-68\" width=\"164\" height=\"164\" srcset=\"https:\/\/educocktail.at\/wp-content\/uploads\/2022\/01\/cropped-Logo.jpg 512w, https:\/\/educocktail.at\/wp-content\/uploads\/2022\/01\/cropped-Logo-300x300.jpg 300w, https:\/\/educocktail.at\/wp-content\/uploads\/2022\/01\/cropped-Logo-150x150.jpg 150w, https:\/\/educocktail.at\/wp-content\/uploads\/2022\/01\/cropped-Logo-230x230.jpg 230w, https:\/\/educocktail.at\/wp-content\/uploads\/2022\/01\/cropped-Logo-365x365.jpg 365w, https:\/\/educocktail.at\/wp-content\/uploads\/2022\/01\/cropped-Logo-270x270.jpg 270w, https:\/\/educocktail.at\/wp-content\/uploads\/2022\/01\/cropped-Logo-192x192.jpg 192w, https:\/\/educocktail.at\/wp-content\/uploads\/2022\/01\/cropped-Logo-180x180.jpg 180w, https:\/\/educocktail.at\/wp-content\/uploads\/2022\/01\/cropped-Logo-32x32.jpg 32w\" sizes=\"(max-width: 164px) 100vw, 164px\" \/><\/a><figcaption><a href=\"https:\/\/educocktail.at\"><strong>EduCocktail<\/strong><\/a><\/figcaption><\/figure>\n<\/div>\n\n\n\n<div class=\"wp-block-column\" style=\"flex-basis:66.66%\">\n<p>Eine Arbeitsplatzsicherung kann durch eine Qualit\u00e4tssteigerung erzielt werden. Dazu z\u00e4hlt auch eine Kommunikationsverbesserung, wodurch die MitarbeiterInnen Motivation gesteigert und letztlich die Zufriedenheit der Kundschaft erh\u00f6ht wird. Damit k\u00f6nnen Unternehmen erfolgreicher agieren. Wirtschaftstreibende sind daher gefordert, ihre MitarbeiterInnen permanent zu f\u00f6rdern. Diese <a href=\"https:\/\/educocktail.at\">EduCocktail Website<\/a> bietet Lernm\u00f6glichkeiten und allgemeine Informationen dazu.<\/p>\n<\/div>\n<\/div>\n\n\n\n<figure class=\"wp-block-image size-large is-resized\"><img loading=\"lazy\" src=\"https:\/\/educocktail.at\/wp-content\/uploads\/2022\/01\/TEIL-Genius-demans-effort-brett-jordan-fXVuvCHvAWg-unsplash-1024x343.jpg\" alt=\"\" class=\"wp-image-159\" width=\"763\" height=\"256\" srcset=\"https:\/\/educocktail.at\/wp-content\/uploads\/2022\/01\/TEIL-Genius-demans-effort-brett-jordan-fXVuvCHvAWg-unsplash-1024x343.jpg 1024w, https:\/\/educocktail.at\/wp-content\/uploads\/2022\/01\/TEIL-Genius-demans-effort-brett-jordan-fXVuvCHvAWg-unsplash-300x101.jpg 300w, https:\/\/educocktail.at\/wp-content\/uploads\/2022\/01\/TEIL-Genius-demans-effort-brett-jordan-fXVuvCHvAWg-unsplash-768x257.jpg 768w, https:\/\/educocktail.at\/wp-content\/uploads\/2022\/01\/TEIL-Genius-demans-effort-brett-jordan-fXVuvCHvAWg-unsplash-1536x515.jpg 1536w, https:\/\/educocktail.at\/wp-content\/uploads\/2022\/01\/TEIL-Genius-demans-effort-brett-jordan-fXVuvCHvAWg-unsplash-2048x686.jpg 2048w\" sizes=\"(max-width: 763px) 100vw, 763px\" \/><\/figure>\n\n\n\n<h2 id=\"empowerment\">Empowerment<\/h2>\n\n\n\n<div class=\"wp-block-columns\">\n<div class=\"wp-block-column\" style=\"flex-basis:33.33%\">\n<figure class=\"wp-block-image size-full is-resized\"><a href=\"https:\/\/educocktail.at\"><img loading=\"lazy\" src=\"http:\/\/educocktail.at\/wp-content\/uploads\/2022\/01\/cropped-Logo.jpg\" alt=\"\" class=\"wp-image-68\" width=\"151\" height=\"151\" srcset=\"https:\/\/educocktail.at\/wp-content\/uploads\/2022\/01\/cropped-Logo.jpg 512w, https:\/\/educocktail.at\/wp-content\/uploads\/2022\/01\/cropped-Logo-300x300.jpg 300w, https:\/\/educocktail.at\/wp-content\/uploads\/2022\/01\/cropped-Logo-150x150.jpg 150w, https:\/\/educocktail.at\/wp-content\/uploads\/2022\/01\/cropped-Logo-230x230.jpg 230w, https:\/\/educocktail.at\/wp-content\/uploads\/2022\/01\/cropped-Logo-365x365.jpg 365w, https:\/\/educocktail.at\/wp-content\/uploads\/2022\/01\/cropped-Logo-270x270.jpg 270w, https:\/\/educocktail.at\/wp-content\/uploads\/2022\/01\/cropped-Logo-192x192.jpg 192w, https:\/\/educocktail.at\/wp-content\/uploads\/2022\/01\/cropped-Logo-180x180.jpg 180w, https:\/\/educocktail.at\/wp-content\/uploads\/2022\/01\/cropped-Logo-32x32.jpg 32w\" sizes=\"(max-width: 151px) 100vw, 151px\" \/><\/a><figcaption><a href=\"https:\/\/educocktail.at\"><strong>EduCocktail<\/strong><\/a><\/figcaption><\/figure>\n<\/div>\n\n\n\n<div class=\"wp-block-column\" style=\"flex-basis:66.66%\">\n<p>Die WHO hat bereits 1986 auf der <a rel=\"noreferrer noopener\" href=\"https:\/\/www.euro.who.int\/__data\/assets\/pdf_file\/0006\/129534\/Ottawa_Charter_G.pdf\" target=\"_blank\">Konferenz zur Gesundheitsf\u00f6rderung<\/a> darauf hingewiesen, wie wichtig es ist, dass die Gesundheitsf\u00f6rderung die Entwicklung von Pers\u00f6nlichkeit und sozialen F\u00e4higkeiten durch Information unterst\u00fctzt durch gesundheitsbezogene Bildung sowie die Verbesserung sozialer Kompetenzen und lebenspraktischer Fertigkeiten. <br><br>Diese nachhaltige Arbeitsplatzbef\u00e4higung beschreibt die <a rel=\"noreferrer noopener\" href=\"https:\/\/leitbegriffe.bzga.de\/alphabetisches-verzeichnis\/empowermentbefaehigung\/\" target=\"_blank\">Bundeszentrale f\u00fcr gesundheitliche Aufkl\u00e4rung (BZgA) in einem umfassend Bericht<\/a>. Dabei werden die Schlagworte Empowerment, Bef\u00e4higung, Partizipation, Kompetenzf\u00f6rderung und Salutogenese in den Mittelpunkt der Abhandlung gestellt.<br>Vgl: <a rel=\"noreferrer noopener\" href=\"224-i010-1.0\" target=\"_blank\">doi:<\/a><a rel=\"noreferrer noopener\" href=\"https:\/\/dx.doi.org\/10.17623\/BZGA:224-i010-1.0\" target=\"_blank\">10.17623\/BZGA:224-i010-1.0 <\/a><\/p>\n<\/div>\n<\/div>\n\n\n\n<figure class=\"wp-block-image size-full is-resized\"><img loading=\"lazy\" src=\"https:\/\/educocktail.at\/wp-content\/uploads\/2022\/01\/empowerment_abb_2_1024_px_kopie-6061d45f02967a87332f80d49dfc8242.jpg\" alt=\"\" class=\"wp-image-152\" width=\"774\" height=\"535\" srcset=\"https:\/\/educocktail.at\/wp-content\/uploads\/2022\/01\/empowerment_abb_2_1024_px_kopie-6061d45f02967a87332f80d49dfc8242.jpg 1024w, https:\/\/educocktail.at\/wp-content\/uploads\/2022\/01\/empowerment_abb_2_1024_px_kopie-6061d45f02967a87332f80d49dfc8242-300x207.jpg 300w, https:\/\/educocktail.at\/wp-content\/uploads\/2022\/01\/empowerment_abb_2_1024_px_kopie-6061d45f02967a87332f80d49dfc8242-768x531.jpg 768w\" sizes=\"(max-width: 774px) 100vw, 774px\" \/><figcaption><a href=\"https:\/\/leitbegriffe.bzga.de\/alphabetisches-verzeichnis\/empowermentbefaehigung\/\">Bildquelle<\/a><\/figcaption><\/figure>\n\n\n\n<div class=\"wp-block-columns\">\n<div class=\"wp-block-column\" style=\"flex-basis:33.33%\">\n<figure class=\"wp-block-image size-full is-resized\"><a href=\"https:\/\/educocktail.at\"><img loading=\"lazy\" src=\"http:\/\/educocktail.at\/wp-content\/uploads\/2022\/01\/cropped-Logo.jpg\" alt=\"\" class=\"wp-image-68\" width=\"153\" height=\"153\" srcset=\"https:\/\/educocktail.at\/wp-content\/uploads\/2022\/01\/cropped-Logo.jpg 512w, https:\/\/educocktail.at\/wp-content\/uploads\/2022\/01\/cropped-Logo-300x300.jpg 300w, https:\/\/educocktail.at\/wp-content\/uploads\/2022\/01\/cropped-Logo-150x150.jpg 150w, https:\/\/educocktail.at\/wp-content\/uploads\/2022\/01\/cropped-Logo-230x230.jpg 230w, https:\/\/educocktail.at\/wp-content\/uploads\/2022\/01\/cropped-Logo-365x365.jpg 365w, https:\/\/educocktail.at\/wp-content\/uploads\/2022\/01\/cropped-Logo-270x270.jpg 270w, https:\/\/educocktail.at\/wp-content\/uploads\/2022\/01\/cropped-Logo-192x192.jpg 192w, https:\/\/educocktail.at\/wp-content\/uploads\/2022\/01\/cropped-Logo-180x180.jpg 180w, https:\/\/educocktail.at\/wp-content\/uploads\/2022\/01\/cropped-Logo-32x32.jpg 32w\" sizes=\"(max-width: 153px) 100vw, 153px\" \/><\/a><figcaption><a href=\"https:\/\/educocktail.at\"><strong>EduCocktail<\/strong><\/a><\/figcaption><\/figure>\n<\/div>\n\n\n\n<div class=\"wp-block-column\" style=\"flex-basis:66.66%\">\n<p>In diesem Sinne ist das Ziel der <a href=\"https:\/\/educocktail.at\">EduCocktail Website<\/a>, die Kompetenzf\u00f6rderung von ArbeitnehmerInnen zu unterst\u00fctzen und einen Beitrag zur Salutogenese am Arbeitsplatz zu leisten.<\/p>\n<\/div>\n<\/div>\n","protected":false},"excerpt":{"rendered":"<p>Genussvolles Lernen ist angesagt, denn lebenslanges Lernen ist kein Schlagwort sondern ein gelebte Realit\u00e4t, um sich die Arbeitsmarktbef\u00e4higung zu erhalten. Eigenes Engagement und Selbstverantwortung sind auch gefragt. Arbeitsplatzsicherung durch Empowerment Eine Arbeitsplatzsicherung kann durch eine Qualit\u00e4tssteigerung erzielt werden. Dazu z\u00e4hlt<\/p>\n","protected":false},"author":2,"featured_media":6,"parent":0,"menu_order":0,"comment_status":"closed","ping_status":"closed","template":"","meta":[],"_links":{"self":[{"href":"https:\/\/educocktail.at\/index.php?rest_route=\/wp\/v2\/pages\/9"}],"collection":[{"href":"https:\/\/educocktail.at\/index.php?rest_route=\/wp\/v2\/pages"}],"about":[{"href":"https:\/\/educocktail.at\/index.php?rest_route=\/wp\/v2\/types\/page"}],"author":[{"embeddable":true,"href":"https:\/\/educocktail.at\/index.php?rest_route=\/wp\/v2\/users\/2"}],"replies":[{"embeddable":true,"href":"https:\/\/educocktail.at\/index.php?rest_route=%2Fwp%2Fv2%2Fcomments&post=9"}],"version-history":[{"count":17,"href":"https:\/\/educocktail.at\/index.php?rest_route=\/wp\/v2\/pages\/9\/revisions"}],"predecessor-version":[{"id":176,"href":"https:\/\/educocktail.at\/index.php?rest_route=\/wp\/v2\/pages\/9\/revisions\/176"}],"wp:featuredmedia":[{"embeddable":true,"href":"https:\/\/educocktail.at\/index.php?rest_route=\/wp\/v2\/media\/6"}],"wp:attachment":[{"href":"https:\/\/educocktail.at\/index.php?rest_route=%2Fwp%2Fv2%2Fmedia&parent=9"}],"curies":[{"name":"wp","href":"https:\/\/api.w.org\/{rel}","templated":true}]}}