{"id":12,"date":"2020-09-07T20:54:06","date_gmt":"2020-09-07T20:54:06","guid":{"rendered":"http:\/\/educocktail.at\/?page_id=12"},"modified":"2022-01-31T15:14:56","modified_gmt":"2022-01-31T15:14:56","slug":"kontakt","status":"publish","type":"page","link":"https:\/\/educocktail.at\/?page_id=12","title":{"rendered":"Kontakt"},"content":{"rendered":"\n<p>Diese Website wird f\u00fcr Schulungszwecke im p\u00e4dagogischen Bereich verwendet.<br>F\u00fcr Fragen und Anregungen schon jetzt ein herzliches DANKE<br>Bernhard Almer, MBA<br>Leitung des WKO Lehrlingshauses Mitterdorf<br>Untere Berggasse 39, 8662 St. Barbara\/Mitterdorf<br><a href=\"mailto:bernhard.almer@wkstmk.at\">bernhard.almer@wkstmk.at<\/a> <br><a rel=\"noreferrer noopener\" href=\"https:\/\/toplehrling.at\" target=\"_blank\">https:\/\/toplehrling.at<\/a><br><a href=\"https:\/\/educocktail.at\">https:\/\/educocktail.at<\/a> <br><a href=\"https:\/\/kunstschaukel.at\" target=\"_blank\" rel=\"noreferrer noopener\">https:\/\/kunstschaukel.at<\/a> <\/p>\n","protected":false},"excerpt":{"rendered":"<p>Diese Website wird f\u00fcr Schulungszwecke im p\u00e4dagogischen Bereich verwendet.F\u00fcr Fragen und Anregungen schon jetzt ein herzliches DANKEBernhard Almer, MBALeitung des WKO Lehrlingshauses MitterdorfUntere Berggasse 39, 8662 St. Barbara\/Mitterdorfbernhard.almer@wkstmk.at https:\/\/toplehrling.athttps:\/\/educocktail.at https:\/\/kunstschaukel.at<\/p>\n","protected":false},"author":2,"featured_media":6,"parent":0,"menu_order":0,"comment_status":"closed","ping_status":"closed","template":"","meta":[],"_links":{"self":[{"href":"https:\/\/educocktail.at\/index.php?rest_route=\/wp\/v2\/pages\/12"}],"collection":[{"href":"https:\/\/educocktail.at\/index.php?rest_route=\/wp\/v2\/pages"}],"about":[{"href":"https:\/\/educocktail.at\/index.php?rest_route=\/wp\/v2\/types\/page"}],"author":[{"embeddable":true,"href":"https:\/\/educocktail.at\/index.php?rest_route=\/wp\/v2\/users\/2"}],"replies":[{"embeddable":true,"href":"https:\/\/educocktail.at\/index.php?rest_route=%2Fwp%2Fv2%2Fcomments&post=12"}],"version-history":[{"count":6,"href":"https:\/\/educocktail.at\/index.php?rest_route=\/wp\/v2\/pages\/12\/revisions"}],"predecessor-version":[{"id":125,"href":"https:\/\/educocktail.at\/index.php?rest_route=\/wp\/v2\/pages\/12\/revisions\/125"}],"wp:featuredmedia":[{"embeddable":true,"href":"https:\/\/educocktail.at\/index.php?rest_route=\/wp\/v2\/media\/6"}],"wp:attachment":[{"href":"https:\/\/educocktail.at\/index.php?rest_route=%2Fwp%2Fv2%2Fmedia&parent=12"}],"curies":[{"name":"wp","href":"https:\/\/api.w.org\/{rel}","templated":true}]}}