{"id":11,"date":"2020-09-07T20:54:06","date_gmt":"2020-09-07T20:54:06","guid":{"rendered":"http:\/\/educocktail.at\/?page_id=11"},"modified":"2022-01-31T16:34:56","modified_gmt":"2022-01-31T16:34:56","slug":"services","status":"publish","type":"page","link":"https:\/\/educocktail.at\/?page_id=11","title":{"rendered":"Imputs and more"},"content":{"rendered":"\n<p>Der Gedanke f\u00fcr diese Website ist aus der Arbeitsgruppe &#8222;EduCocktail&#8220; der Donau Universit\u00e4t Krems entstanden. Auf den folgenden Seiten sind Impulse f\u00fcr digitale Wissensvermittlung zu finden.<\/p>\n\n\n\n<figure class=\"wp-block-image size-large is-resized\"><img loading=\"lazy\" src=\"https:\/\/educocktail.at\/wp-content\/uploads\/2022\/01\/TEIL-Gruppenlernen-am-Laptop-priscilla-du-preez-XkKCui44iM0-unsplash-1024x422.jpg\" alt=\"\" class=\"wp-image-97\" width=\"765\" height=\"315\" srcset=\"https:\/\/educocktail.at\/wp-content\/uploads\/2022\/01\/TEIL-Gruppenlernen-am-Laptop-priscilla-du-preez-XkKCui44iM0-unsplash-1024x422.jpg 1024w, https:\/\/educocktail.at\/wp-content\/uploads\/2022\/01\/TEIL-Gruppenlernen-am-Laptop-priscilla-du-preez-XkKCui44iM0-unsplash-300x123.jpg 300w, https:\/\/educocktail.at\/wp-content\/uploads\/2022\/01\/TEIL-Gruppenlernen-am-Laptop-priscilla-du-preez-XkKCui44iM0-unsplash-768x316.jpg 768w, https:\/\/educocktail.at\/wp-content\/uploads\/2022\/01\/TEIL-Gruppenlernen-am-Laptop-priscilla-du-preez-XkKCui44iM0-unsplash-1536x632.jpg 1536w, https:\/\/educocktail.at\/wp-content\/uploads\/2022\/01\/TEIL-Gruppenlernen-am-Laptop-priscilla-du-preez-XkKCui44iM0-unsplash-2048x843.jpg 2048w\" sizes=\"(max-width: 765px) 100vw, 765px\" \/><\/figure>\n\n\n\n<h2 id=\"kleines-lexikon\">Kleines Lexikon<\/h2>\n\n\n\n<p><strong>Vier interessante Grunds\u00e4tze der digitalen Wissensvermittlung:<\/strong><br>-&gt; Constructive Alignment &#8211; Anglelika W\u00f6ntner<br><br>-&gt; Learning Outcomes &#8211; Angelika W\u00f6ntner<br><br>-&gt; Taxonomien mit Kopf, Herz und Hand &#8211; Katharina Stipsits<br><br>-&gt; <a href=\"https:\/\/educocktail.at\/?page_id=126\"><strong>Spicy Lesson &#8211; Bernhard Almer<\/strong><\/a><br><br><\/p>\n\n\n\n<figure class=\"wp-block-image size-large is-resized\"><img loading=\"lazy\" src=\"https:\/\/educocktail.at\/wp-content\/uploads\/2022\/01\/Paedagogisches-Rad-SAMR-Padagogy_Wheel_V4_GER-1024x666.jpg\" alt=\"\" class=\"wp-image-98\" width=\"778\" height=\"505\" srcset=\"https:\/\/educocktail.at\/wp-content\/uploads\/2022\/01\/Paedagogisches-Rad-SAMR-Padagogy_Wheel_V4_GER-1024x666.jpg 1024w, https:\/\/educocktail.at\/wp-content\/uploads\/2022\/01\/Paedagogisches-Rad-SAMR-Padagogy_Wheel_V4_GER-300x195.jpg 300w, https:\/\/educocktail.at\/wp-content\/uploads\/2022\/01\/Paedagogisches-Rad-SAMR-Padagogy_Wheel_V4_GER-768x499.jpg 768w, https:\/\/educocktail.at\/wp-content\/uploads\/2022\/01\/Paedagogisches-Rad-SAMR-Padagogy_Wheel_V4_GER-1536x999.jpg 1536w, https:\/\/educocktail.at\/wp-content\/uploads\/2022\/01\/Paedagogisches-Rad-SAMR-Padagogy_Wheel_V4_GER.jpg 1750w\" sizes=\"(max-width: 778px) 100vw, 778px\" \/><figcaption><a href=\"https:\/\/designingoutcomes.com\/assets\/Padagogy_Wheel_Translations\/Padagogy_Wheel_V4_GER.pdf\" target=\"_blank\" rel=\"noreferrer noopener\">Bildquelle<\/a><\/figcaption><\/figure>\n\n\n\n<h2 id=\"digitale-tools\">Digitale Tools<\/h2>\n\n\n\n<p>Es existieren unz\u00e4hlige L\u00f6sungen, wie technologiegest\u00fctzt gelernt und gelehrt werden kann. Da kann man schnell den \u00dcberblick verlieren. St\u00e4ndig werden neue Tools und Plattformen entwickelt, eine soll besser als die andere sein. Einige Beispiele daf\u00fcr:<br><br>-&gt; Audioaufnahmen: schnell und unkompliziert &#8211; Katharina Stipsits<br><br>-&gt; Kollaberation goes digital &#8211; Petra Popa<br><br>-&gt; Explainervideos bringen Abwechslung &#8211; Alexandra Sallmutter-Schanner<br><br><\/p>\n\n\n\n<figure class=\"wp-block-image size-large is-resized\"><img loading=\"lazy\" src=\"https:\/\/educocktail.at\/wp-content\/uploads\/2022\/01\/TEIL-Einstein-Figur-andrew-george-g-fm27_BRyQ-unsplash-1024x386.jpg\" alt=\"\" class=\"wp-image-100\" width=\"749\" height=\"282\" srcset=\"https:\/\/educocktail.at\/wp-content\/uploads\/2022\/01\/TEIL-Einstein-Figur-andrew-george-g-fm27_BRyQ-unsplash-1024x386.jpg 1024w, https:\/\/educocktail.at\/wp-content\/uploads\/2022\/01\/TEIL-Einstein-Figur-andrew-george-g-fm27_BRyQ-unsplash-300x113.jpg 300w, https:\/\/educocktail.at\/wp-content\/uploads\/2022\/01\/TEIL-Einstein-Figur-andrew-george-g-fm27_BRyQ-unsplash-768x290.jpg 768w, https:\/\/educocktail.at\/wp-content\/uploads\/2022\/01\/TEIL-Einstein-Figur-andrew-george-g-fm27_BRyQ-unsplash-1536x579.jpg 1536w, https:\/\/educocktail.at\/wp-content\/uploads\/2022\/01\/TEIL-Einstein-Figur-andrew-george-g-fm27_BRyQ-unsplash-2048x772.jpg 2048w\" sizes=\"(max-width: 749px) 100vw, 749px\" \/><\/figure>\n\n\n\n<h2 id=\"wissenschaftliche-impulse\">Wissenschaftliche Impulse<\/h2>\n\n\n\n<p>Lerntheorien sind wie Brillen, durch die man Bildungstechnologie betrachten kann. Durch die Perspektive der verschiedenen Theorien l\u00e4sst sich wunderbar reflektieren und forschen. Dennoch ist unabdingbar, dass wir uns aus der Praxis \u00fcber unsere Bereiche im Bildungsbereich austauschen. Drei wissenschaftliche Aspekte:<br><br><strong>-&gt;<a rel=\"noreferrer noopener\" href=\"https:\/\/imbstudent.donau-uni.ac.at\/educocktail\/2021\/03\/01\/feines-feedback-formulieren\/\" target=\"_blank\"> Feines Feedback formulieren<\/a> &#8211; <a href=\"https:\/\/imbstudent.donau-uni.ac.at\/educocktail\/2021\/03\/01\/feines-feedback-formulieren\/\">HS-Prof. Univ.-Lektor Mag. Dr. Thomas Strasser<\/a> <\/strong><br><br><strong>-&gt; <a rel=\"noreferrer noopener\" href=\"https:\/\/imbstudent.donau-uni.ac.at\/educocktail\/2021\/02\/27\/3-gruende-fuer-ein-agiles-lerndesign\/\" target=\"_blank\">3 Gr\u00fcnde f\u00fcr ein agiles Lerndesign<\/a> &#8211; <a href=\"https:\/\/imbstudent.donau-uni.ac.at\/educocktail\/2021\/02\/27\/3-gruende-fuer-ein-agiles-lerndesign\/\">Isabell Grundschober, BEd, BSc, MA<\/a> <\/strong><br><br>&#8211;<strong>&gt;<a rel=\"noreferrer noopener\" href=\"http:\/\/\" target=\"_blank\"> Lehr- und Lernvideos<\/a> &#8211; <a href=\"https:\/\/imbstudent.donau-uni.ac.at\/educocktail\/2021\/02\/11\/lehr-und-lernvideos\/\">Mag. Dr. Paul Kral<\/a><\/strong><br><\/p>\n","protected":false},"excerpt":{"rendered":"<p>Der Gedanke f\u00fcr diese Website ist aus der Arbeitsgruppe &#8222;EduCocktail&#8220; der Donau Universit\u00e4t Krems entstanden. Auf den folgenden Seiten sind Impulse f\u00fcr digitale Wissensvermittlung zu finden. Kleines Lexikon Vier interessante Grunds\u00e4tze der digitalen Wissensvermittlung:-&gt; Constructive Alignment &#8211; Anglelika W\u00f6ntner -&gt;<\/p>\n","protected":false},"author":2,"featured_media":0,"parent":0,"menu_order":0,"comment_status":"closed","ping_status":"closed","template":"","meta":[],"_links":{"self":[{"href":"https:\/\/educocktail.at\/index.php?rest_route=\/wp\/v2\/pages\/11"}],"collection":[{"href":"https:\/\/educocktail.at\/index.php?rest_route=\/wp\/v2\/pages"}],"about":[{"href":"https:\/\/educocktail.at\/index.php?rest_route=\/wp\/v2\/types\/page"}],"author":[{"embeddable":true,"href":"https:\/\/educocktail.at\/index.php?rest_route=\/wp\/v2\/users\/2"}],"replies":[{"embeddable":true,"href":"https:\/\/educocktail.at\/index.php?rest_route=%2Fwp%2Fv2%2Fcomments&post=11"}],"version-history":[{"count":16,"href":"https:\/\/educocktail.at\/index.php?rest_route=\/wp\/v2\/pages\/11\/revisions"}],"predecessor-version":[{"id":151,"href":"https:\/\/educocktail.at\/index.php?rest_route=\/wp\/v2\/pages\/11\/revisions\/151"}],"wp:attachment":[{"href":"https:\/\/educocktail.at\/index.php?rest_route=%2Fwp%2Fv2%2Fmedia&parent=11"}],"curies":[{"name":"wp","href":"https:\/\/api.w.org\/{rel}","templated":true}]}}